{"id":44837,"date":"2024-10-26T20:58:57","date_gmt":"2024-10-26T20:58:57","guid":{"rendered":"https:\/\/www.agrupamentoverticalgaviao.pt\/?page_id=44837"},"modified":"2025-05-30T09:37:18","modified_gmt":"2025-05-30T09:37:18","slug":"plano-de-acao-teip-4","status":"publish","type":"page","link":"https:\/\/www.agrupamentoverticalgaviao.pt\/?page_id=44837","title":{"rendered":"Plano de A\u00e7\u00e3o\u00a0TEIP 4"},"content":{"rendered":"\n<p><strong>Plano de A\u00e7\u00e3o<\/strong>&nbsp;<strong>TEIP 4<\/strong><\/p>\n","protected":false},"excerpt":{"rendered":"<p>Plano de A\u00e7\u00e3o&nbsp;TEIP 4<\/p>\n","protected":false},"author":2,"featured_media":0,"parent":241,"menu_order":0,"comment_status":"closed","ping_status":"closed","template":"","meta":{"footnotes":""},"class_list":["post-44837","page","type-page","status-publish","hentry"],"yoast_head":"<!-- This site is optimized with the Yoast SEO plugin v27.5 - https:\/\/yoast.com\/product\/yoast-seo-wordpress\/ -->\n<title>Plano de A\u00e7\u00e3o\u00a0TEIP 4 - Agrupamento de Escolas de Gavi\u00e3o<\/title>\n<meta name=\"robots\" content=\"index, follow, max-snippet:-1, max-image-preview:large, max-video-preview:-1\" \/>\n<link rel=\"canonical\" href=\"https:\/\/www.agrupamentoverticalgaviao.pt\/?page_id=44837\" \/>\n<meta property=\"og:locale\" content=\"pt_PT\" \/>\n<meta property=\"og:type\" content=\"article\" \/>\n<meta property=\"og:title\" content=\"Plano de A\u00e7\u00e3o\u00a0TEIP 4 - Agrupamento de Escolas de Gavi\u00e3o\" \/>\n<meta property=\"og:description\" content=\"Plano de A\u00e7\u00e3o&nbsp;TEIP 4\" \/>\n<meta property=\"og:url\" content=\"https:\/\/www.agrupamentoverticalgaviao.pt\/?page_id=44837\" \/>\n<meta property=\"og:site_name\" content=\"Agrupamento de Escolas de Gavi\u00e3o\" \/>\n<meta property=\"article:modified_time\" content=\"2025-05-30T09:37:18+00:00\" \/>\n<meta property=\"og:image\" content=\"https:\/\/www.agrupamentoverticalgaviao.pt\/wp-content\/uploads\/2025\/11\/Agrupamento-de-Escolas-de-Gaviao.jpg\" \/>\n\t<meta property=\"og:image:width\" content=\"1200\" \/>\n\t<meta property=\"og:image:height\" content=\"675\" \/>\n\t<meta property=\"og:image:type\" content=\"image\/jpeg\" \/>\n<meta name=\"twitter:card\" content=\"summary_large_image\" \/>\n<meta name=\"twitter:label1\" content=\"Tempo estimado de leitura\" \/>\n\t<meta name=\"twitter:data1\" content=\"1 minuto\" \/>\n<script type=\"application\/ld+json\" class=\"yoast-schema-graph\">{\"@context\":\"https:\\\/\\\/schema.org\",\"@graph\":[{\"@type\":\"WebPage\",\"@id\":\"https:\\\/\\\/www.agrupamentoverticalgaviao.pt\\\/?page_id=44837\",\"url\":\"https:\\\/\\\/www.agrupamentoverticalgaviao.pt\\\/?page_id=44837\",\"name\":\"Plano de A\u00e7\u00e3o\u00a0TEIP 4 - Agrupamento de Escolas de Gavi\u00e3o\",\"isPartOf\":{\"@id\":\"https:\\\/\\\/www.agrupamentoverticalgaviao.pt\\\/#website\"},\"datePublished\":\"2024-10-26T20:58:57+00:00\",\"dateModified\":\"2025-05-30T09:37:18+00:00\",\"breadcrumb\":{\"@id\":\"https:\\\/\\\/www.agrupamentoverticalgaviao.pt\\\/?page_id=44837#breadcrumb\"},\"inLanguage\":\"pt-PT\",\"potentialAction\":[{\"@type\":\"ReadAction\",\"target\":[\"https:\\\/\\\/www.agrupamentoverticalgaviao.pt\\\/?page_id=44837\"]}]},{\"@type\":\"BreadcrumbList\",\"@id\":\"https:\\\/\\\/www.agrupamentoverticalgaviao.pt\\\/?page_id=44837#breadcrumb\",\"itemListElement\":[{\"@type\":\"ListItem\",\"position\":1,\"name\":\"In\u00edcio\",\"item\":\"https:\\\/\\\/www.agrupamentoverticalgaviao.pt\\\/\"},{\"@type\":\"ListItem\",\"position\":2,\"name\":\"Documentos Orientadores\",\"item\":\"https:\\\/\\\/www.agrupamentoverticalgaviao.pt\\\/?page_id=241\"},{\"@type\":\"ListItem\",\"position\":3,\"name\":\"Plano de A\u00e7\u00e3o\u00a0TEIP 4\"}]},{\"@type\":\"WebSite\",\"@id\":\"https:\\\/\\\/www.agrupamentoverticalgaviao.pt\\\/#website\",\"url\":\"https:\\\/\\\/www.agrupamentoverticalgaviao.pt\\\/\",\"name\":\"Agrupamento de Escolas de Gavi\u00e3o\",\"description\":\"\",\"alternateName\":\"Agrupamento de Escolas de Gavi\u00e3o\",\"potentialAction\":[{\"@type\":\"SearchAction\",\"target\":{\"@type\":\"EntryPoint\",\"urlTemplate\":\"https:\\\/\\\/www.agrupamentoverticalgaviao.pt\\\/?s={search_term_string}\"},\"query-input\":{\"@type\":\"PropertyValueSpecification\",\"valueRequired\":true,\"valueName\":\"search_term_string\"}}],\"inLanguage\":\"pt-PT\"}]}<\/script>\n<!-- \/ Yoast SEO plugin. -->","yoast_head_json":{"title":"Plano de A\u00e7\u00e3o\u00a0TEIP 4 - Agrupamento de Escolas de Gavi\u00e3o","robots":{"index":"index","follow":"follow","max-snippet":"max-snippet:-1","max-image-preview":"max-image-preview:large","max-video-preview":"max-video-preview:-1"},"canonical":"https:\/\/www.agrupamentoverticalgaviao.pt\/?page_id=44837","og_locale":"pt_PT","og_type":"article","og_title":"Plano de A\u00e7\u00e3o\u00a0TEIP 4 - Agrupamento de Escolas de Gavi\u00e3o","og_description":"Plano de A\u00e7\u00e3o&nbsp;TEIP 4","og_url":"https:\/\/www.agrupamentoverticalgaviao.pt\/?page_id=44837","og_site_name":"Agrupamento de Escolas de Gavi\u00e3o","article_modified_time":"2025-05-30T09:37:18+00:00","og_image":[{"width":1200,"height":675,"url":"https:\/\/www.agrupamentoverticalgaviao.pt\/wp-content\/uploads\/2025\/11\/Agrupamento-de-Escolas-de-Gaviao.jpg","type":"image\/jpeg"}],"twitter_card":"summary_large_image","twitter_misc":{"Tempo estimado de leitura":"1 minuto"},"schema":{"@context":"https:\/\/schema.org","@graph":[{"@type":"WebPage","@id":"https:\/\/www.agrupamentoverticalgaviao.pt\/?page_id=44837","url":"https:\/\/www.agrupamentoverticalgaviao.pt\/?page_id=44837","name":"Plano de A\u00e7\u00e3o\u00a0TEIP 4 - Agrupamento de Escolas de Gavi\u00e3o","isPartOf":{"@id":"https:\/\/www.agrupamentoverticalgaviao.pt\/#website"},"datePublished":"2024-10-26T20:58:57+00:00","dateModified":"2025-05-30T09:37:18+00:00","breadcrumb":{"@id":"https:\/\/www.agrupamentoverticalgaviao.pt\/?page_id=44837#breadcrumb"},"inLanguage":"pt-PT","potentialAction":[{"@type":"ReadAction","target":["https:\/\/www.agrupamentoverticalgaviao.pt\/?page_id=44837"]}]},{"@type":"BreadcrumbList","@id":"https:\/\/www.agrupamentoverticalgaviao.pt\/?page_id=44837#breadcrumb","itemListElement":[{"@type":"ListItem","position":1,"name":"In\u00edcio","item":"https:\/\/www.agrupamentoverticalgaviao.pt\/"},{"@type":"ListItem","position":2,"name":"Documentos Orientadores","item":"https:\/\/www.agrupamentoverticalgaviao.pt\/?page_id=241"},{"@type":"ListItem","position":3,"name":"Plano de A\u00e7\u00e3o\u00a0TEIP 4"}]},{"@type":"WebSite","@id":"https:\/\/www.agrupamentoverticalgaviao.pt\/#website","url":"https:\/\/www.agrupamentoverticalgaviao.pt\/","name":"Agrupamento de Escolas de Gavi\u00e3o","description":"","alternateName":"Agrupamento de Escolas de Gavi\u00e3o","potentialAction":[{"@type":"SearchAction","target":{"@type":"EntryPoint","urlTemplate":"https:\/\/www.agrupamentoverticalgaviao.pt\/?s={search_term_string}"},"query-input":{"@type":"PropertyValueSpecification","valueRequired":true,"valueName":"search_term_string"}}],"inLanguage":"pt-PT"}]}},"_links":{"self":[{"href":"https:\/\/www.agrupamentoverticalgaviao.pt\/index.php?rest_route=\/wp\/v2\/pages\/44837","targetHints":{"allow":["GET"]}}],"collection":[{"href":"https:\/\/www.agrupamentoverticalgaviao.pt\/index.php?rest_route=\/wp\/v2\/pages"}],"about":[{"href":"https:\/\/www.agrupamentoverticalgaviao.pt\/index.php?rest_route=\/wp\/v2\/types\/page"}],"author":[{"embeddable":true,"href":"https:\/\/www.agrupamentoverticalgaviao.pt\/index.php?rest_route=\/wp\/v2\/users\/2"}],"replies":[{"embeddable":true,"href":"https:\/\/www.agrupamentoverticalgaviao.pt\/index.php?rest_route=%2Fwp%2Fv2%2Fcomments&post=44837"}],"version-history":[{"count":2,"href":"https:\/\/www.agrupamentoverticalgaviao.pt\/index.php?rest_route=\/wp\/v2\/pages\/44837\/revisions"}],"predecessor-version":[{"id":46575,"href":"https:\/\/www.agrupamentoverticalgaviao.pt\/index.php?rest_route=\/wp\/v2\/pages\/44837\/revisions\/46575"}],"up":[{"embeddable":true,"href":"https:\/\/www.agrupamentoverticalgaviao.pt\/index.php?rest_route=\/wp\/v2\/pages\/241"}],"wp:attachment":[{"href":"https:\/\/www.agrupamentoverticalgaviao.pt\/index.php?rest_route=%2Fwp%2Fv2%2Fmedia&parent=44837"}],"curies":[{"name":"wp","href":"https:\/\/api.w.org\/{rel}","templated":true}]}}