{"id":26,"date":"2013-10-24T09:48:25","date_gmt":"2013-10-24T09:48:25","guid":{"rendered":"http:\/\/www3.agrupamentoverticalgaviao.pt\/pt\/?page_id=26"},"modified":"2025-12-18T22:32:48","modified_gmt":"2025-12-18T22:32:48","slug":"circulares-informativas","status":"publish","type":"page","link":"https:\/\/www.agrupamentoverticalgaviao.pt\/?page_id=26","title":{"rendered":"Circulares Informativas"},"content":{"rendered":"\n<h3 class=\"wp-block-heading\"><strong>Ano letivo 2025\/2026<\/strong><\/h3>\n\n\n\n<ul class=\"wp-block-list\">\n<li><a href=\"https:\/\/www.agrupamentoverticalgaviao.pt\/wp-content\/uploads\/2025\/12\/Circular-informativa-do-CG.pdf\" target=\"_blank\" rel=\"noreferrer noopener\">Circular informativa do CG<\/a><\/li>\n<\/ul>\n\n\n\n<h3 class=\"wp-block-heading\"><strong>Ano letivo 2020\/2021<\/strong><\/h3>\n\n\n\n<ul class=\"wp-block-list\">\n<li><a href=\"https:\/\/www.agrupamentoverticalgaviao.pt\/wp-content\/uploads\/2021\/01\/Circular-Informativa-09-12-2020.pdf\">Circular Informativa 09-12-2020<\/a><\/li>\n<\/ul>\n\n\n\n<h3 class=\"wp-block-heading\"><strong>Ano letivo 2017\/2018<\/strong><\/h3>\n\n\n\n<ul class=\"wp-block-list\">\n<li><a href=\"http:\/\/www.agrupamentoverticalgaviao.pt\/pt\/wp-content\/uploads\/2018\/01\/Circular-Informativa-13.12.2017.docx\" target=\"_blank\" rel=\"noopener\">Circular Informativa 13\/12\/2017<\/a>\n<ul class=\"wp-block-list\">\n<li><a href=\"http:\/\/www.agrupamentoverticalgaviao.pt\/pt\/wp-content\/uploads\/2018\/01\/Linhas-orientadoras-ASE.docx\" target=\"_blank\" rel=\"noopener\">Linhas orientadoras ASE<\/a><\/li>\n\n\n\n<li><a href=\"http:\/\/www.agrupamentoverticalgaviao.pt\/pt\/wp-content\/uploads\/2018\/01\/Linhas-orientadoras-para-elabora\u00e7\u00e3o-do-or\u00e7amento-2015.docx\" target=\"_blank\" rel=\"noopener\">Linhas orientadoras para elabora\u00e7\u00e3o do or\u00e7amento 2015<\/a><\/li>\n<\/ul>\n<\/li>\n\n\n\n<li><a href=\"http:\/\/www.agrupamentoverticalgaviao.pt\/pt\/wp-content\/uploads\/2017\/12\/Circular-Informativa-20_11_2017.pdf\" target=\"_blank\" rel=\"noopener\">Circular Informativa &#8211; 20\/11\/2017<\/a><\/li>\n\n\n\n<li><a href=\"http:\/\/www.agrupamentoverticalgaviao.pt\/pt\/wp-content\/uploads\/2017\/12\/Circular-Informativa-29.11.2017.pdf\" target=\"_blank\" rel=\"noopener\">Circular Informativa 29\/11\/2017<\/a><\/li>\n<\/ul>\n\n\n\n<h3 class=\"wp-block-heading\"><strong>Ano letivo 2016\/2017<\/strong><\/h3>\n\n\n\n<ul class=\"wp-block-list\">\n<li><a href=\"http:\/\/www.agrupamentoverticalgaviao.pt\/pt\/wp-content\/uploads\/2013\/10\/Circular-09_11_16-1.pdf\" target=\"_blank\" rel=\"noopener\">Circular Informativa de 9 de Novembro de 2016<\/a><\/li>\n\n\n\n<li><a href=\"http:\/\/www.agrupamentoverticalgaviao.pt\/pt\/wp-content\/uploads\/2013\/10\/Linhas-orientadoras-ASE.pdf\">Linhas orientadoras ASE<\/a><\/li>\n\n\n\n<li><a href=\"http:\/\/www.agrupamentoverticalgaviao.pt\/pt\/wp-content\/uploads\/2013\/10\/Linhas-orientadoras-para-elabora\u00e7\u00e3o-do-or\u00e7amento-2015.pdf\" target=\"_blank\" rel=\"noopener\">Linhas Orientadoras para elabora\u00e7\u00e3o do or\u00e7amento 2017<\/a><\/li>\n\n\n\n<li><a href=\"http:\/\/www.agrupamentoverticalgaviao.pt\/pt\/wp-content\/uploads\/2013\/10\/Circular-Informativa-22.02.2017.pdf\" target=\"_blank\" rel=\"noopener\">Circular Informativa &#8211; 22.02.2017<\/a><\/li>\n<\/ul>\n\n\n\n<h3 class=\"wp-block-heading\"><strong>Ano letivo 2015\/2016<\/strong><\/h3>\n\n\n\n<ul class=\"wp-block-list\">\n<li><a href=\"http:\/\/www.agrupamentoverticalgaviao.pt\/pt\/wp-content\/uploads\/2013\/10\/Circular-19.05.2016.pdf\" target=\"_blank\" rel=\"noopener\">Circular Informativa de 19 de Maio de 2016<\/a><\/li>\n\n\n\n<li><a href=\"http:\/\/www.agrupamentoverticalgaviao.pt\/pt\/wp-content\/uploads\/2013\/10\/Circular-30_04_15.pdf\" target=\"_blank\" rel=\"noopener\">Circular Informativa de 30 de abril de 2015<\/a><\/li>\n\n\n\n<li><a href=\"http:\/\/www.agrupamentoverticalgaviao.pt\/pt\/wp-content\/uploads\/2013\/10\/Circular-provisoria-13_05_02.pdf\" target=\"_blank\" rel=\"noopener\">Circular Informativa de 5 de fevereiro de 2015<\/a><\/li>\n\n\n\n<li><a href=\"http:\/\/www.agrupamentoverticalgaviao.pt\/pt\/wp-content\/uploads\/2013\/10\/Circular-19_novembro-2014.pdf\" target=\"_blank\" rel=\"noopener\">Circular 19_novembro 2014<\/a><\/li>\n\n\n\n<li><a href=\"http:\/\/www.agrupamentoverticalgaviao.pt\/pt\/wp-content\/uploads\/2013\/10\/Circular-02_setembro-2014.pdf\" target=\"_blank\" rel=\"noopener\">Circular 02_setembro 2014<\/a><\/li>\n\n\n\n<li><a href=\"http:\/\/www.agrupamentoverticalgaviao.pt\/pt\/wp-content\/uploads\/2013\/10\/Linhas-orientadoras-ASE1.pdf\" target=\"_blank\" rel=\"noopener\">Linhas orientadoras ASE<\/a><\/li>\n\n\n\n<li><a href=\"http:\/\/www.agrupamentoverticalgaviao.pt\/pt\/wp-content\/uploads\/2013\/10\/Linhas-orientadoras-or\u00e7amento1.pdf\" target=\"_blank\" rel=\"noopener\">Linhas orientadoras or\u00e7amento<\/a><\/li>\n<\/ul>\n","protected":false},"excerpt":{"rendered":"<p>Ano letivo 2025\/2026 Ano letivo 2020\/2021 Ano letivo 2017\/2018 Ano letivo 2016\/2017 Ano letivo &hellip; <\/p>\n","protected":false},"author":1,"featured_media":0,"parent":0,"menu_order":0,"comment_status":"closed","ping_status":"closed","template":"","meta":{"footnotes":""},"class_list":["post-26","page","type-page","status-publish","hentry"],"yoast_head":"<!-- This site is optimized with the Yoast SEO plugin v27.6 - https:\/\/yoast.com\/product\/yoast-seo-wordpress\/ -->\n<title>Circulares Informativas - Agrupamento de Escolas de Gavi\u00e3o<\/title>\n<meta name=\"robots\" content=\"index, follow, max-snippet:-1, max-image-preview:large, max-video-preview:-1\" \/>\n<link rel=\"canonical\" href=\"https:\/\/www.agrupamentoverticalgaviao.pt\/?page_id=26\" \/>\n<meta property=\"og:locale\" content=\"pt_PT\" \/>\n<meta property=\"og:type\" content=\"article\" \/>\n<meta property=\"og:title\" content=\"Circulares Informativas - Agrupamento de Escolas de Gavi\u00e3o\" \/>\n<meta property=\"og:description\" content=\"Ano letivo 2025\/2026 Ano letivo 2020\/2021 Ano letivo 2017\/2018 Ano letivo 2016\/2017 Ano letivo &hellip;\" \/>\n<meta property=\"og:url\" content=\"https:\/\/www.agrupamentoverticalgaviao.pt\/?page_id=26\" \/>\n<meta property=\"og:site_name\" content=\"Agrupamento de Escolas de Gavi\u00e3o\" \/>\n<meta property=\"article:modified_time\" content=\"2025-12-18T22:32:48+00:00\" \/>\n<meta property=\"og:image\" content=\"https:\/\/www.agrupamentoverticalgaviao.pt\/wp-content\/uploads\/2025\/11\/Agrupamento-de-Escolas-de-Gaviao.jpg\" \/>\n\t<meta property=\"og:image:width\" content=\"1200\" \/>\n\t<meta property=\"og:image:height\" content=\"675\" \/>\n\t<meta property=\"og:image:type\" content=\"image\/jpeg\" \/>\n<meta name=\"twitter:card\" content=\"summary_large_image\" \/>\n<meta name=\"twitter:label1\" content=\"Tempo estimado de leitura\" \/>\n\t<meta name=\"twitter:data1\" content=\"1 minuto\" \/>\n<script type=\"application\/ld+json\" class=\"yoast-schema-graph\">{\"@context\":\"https:\\\/\\\/schema.org\",\"@graph\":[{\"@type\":\"WebPage\",\"@id\":\"https:\\\/\\\/www.agrupamentoverticalgaviao.pt\\\/?page_id=26\",\"url\":\"https:\\\/\\\/www.agrupamentoverticalgaviao.pt\\\/?page_id=26\",\"name\":\"Circulares Informativas - Agrupamento de Escolas de Gavi\u00e3o\",\"isPartOf\":{\"@id\":\"https:\\\/\\\/www.agrupamentoverticalgaviao.pt\\\/#website\"},\"datePublished\":\"2013-10-24T09:48:25+00:00\",\"dateModified\":\"2025-12-18T22:32:48+00:00\",\"breadcrumb\":{\"@id\":\"https:\\\/\\\/www.agrupamentoverticalgaviao.pt\\\/?page_id=26#breadcrumb\"},\"inLanguage\":\"pt-PT\",\"potentialAction\":[{\"@type\":\"ReadAction\",\"target\":[\"https:\\\/\\\/www.agrupamentoverticalgaviao.pt\\\/?page_id=26\"]}]},{\"@type\":\"BreadcrumbList\",\"@id\":\"https:\\\/\\\/www.agrupamentoverticalgaviao.pt\\\/?page_id=26#breadcrumb\",\"itemListElement\":[{\"@type\":\"ListItem\",\"position\":1,\"name\":\"In\u00edcio\",\"item\":\"https:\\\/\\\/www.agrupamentoverticalgaviao.pt\\\/\"},{\"@type\":\"ListItem\",\"position\":2,\"name\":\"Circulares Informativas\"}]},{\"@type\":\"WebSite\",\"@id\":\"https:\\\/\\\/www.agrupamentoverticalgaviao.pt\\\/#website\",\"url\":\"https:\\\/\\\/www.agrupamentoverticalgaviao.pt\\\/\",\"name\":\"Agrupamento de Escolas de Gavi\u00e3o\",\"description\":\"\",\"alternateName\":\"Agrupamento de Escolas de Gavi\u00e3o\",\"potentialAction\":[{\"@type\":\"SearchAction\",\"target\":{\"@type\":\"EntryPoint\",\"urlTemplate\":\"https:\\\/\\\/www.agrupamentoverticalgaviao.pt\\\/?s={search_term_string}\"},\"query-input\":{\"@type\":\"PropertyValueSpecification\",\"valueRequired\":true,\"valueName\":\"search_term_string\"}}],\"inLanguage\":\"pt-PT\"}]}<\/script>\n<!-- \/ Yoast SEO plugin. -->","yoast_head_json":{"title":"Circulares Informativas - Agrupamento de Escolas de Gavi\u00e3o","robots":{"index":"index","follow":"follow","max-snippet":"max-snippet:-1","max-image-preview":"max-image-preview:large","max-video-preview":"max-video-preview:-1"},"canonical":"https:\/\/www.agrupamentoverticalgaviao.pt\/?page_id=26","og_locale":"pt_PT","og_type":"article","og_title":"Circulares Informativas - Agrupamento de Escolas de Gavi\u00e3o","og_description":"Ano letivo 2025\/2026 Ano letivo 2020\/2021 Ano letivo 2017\/2018 Ano letivo 2016\/2017 Ano letivo &hellip;","og_url":"https:\/\/www.agrupamentoverticalgaviao.pt\/?page_id=26","og_site_name":"Agrupamento de Escolas de Gavi\u00e3o","article_modified_time":"2025-12-18T22:32:48+00:00","og_image":[{"width":1200,"height":675,"url":"https:\/\/www.agrupamentoverticalgaviao.pt\/wp-content\/uploads\/2025\/11\/Agrupamento-de-Escolas-de-Gaviao.jpg","type":"image\/jpeg"}],"twitter_card":"summary_large_image","twitter_misc":{"Tempo estimado de leitura":"1 minuto"},"schema":{"@context":"https:\/\/schema.org","@graph":[{"@type":"WebPage","@id":"https:\/\/www.agrupamentoverticalgaviao.pt\/?page_id=26","url":"https:\/\/www.agrupamentoverticalgaviao.pt\/?page_id=26","name":"Circulares Informativas - Agrupamento de Escolas de Gavi\u00e3o","isPartOf":{"@id":"https:\/\/www.agrupamentoverticalgaviao.pt\/#website"},"datePublished":"2013-10-24T09:48:25+00:00","dateModified":"2025-12-18T22:32:48+00:00","breadcrumb":{"@id":"https:\/\/www.agrupamentoverticalgaviao.pt\/?page_id=26#breadcrumb"},"inLanguage":"pt-PT","potentialAction":[{"@type":"ReadAction","target":["https:\/\/www.agrupamentoverticalgaviao.pt\/?page_id=26"]}]},{"@type":"BreadcrumbList","@id":"https:\/\/www.agrupamentoverticalgaviao.pt\/?page_id=26#breadcrumb","itemListElement":[{"@type":"ListItem","position":1,"name":"In\u00edcio","item":"https:\/\/www.agrupamentoverticalgaviao.pt\/"},{"@type":"ListItem","position":2,"name":"Circulares Informativas"}]},{"@type":"WebSite","@id":"https:\/\/www.agrupamentoverticalgaviao.pt\/#website","url":"https:\/\/www.agrupamentoverticalgaviao.pt\/","name":"Agrupamento de Escolas de Gavi\u00e3o","description":"","alternateName":"Agrupamento de Escolas de Gavi\u00e3o","potentialAction":[{"@type":"SearchAction","target":{"@type":"EntryPoint","urlTemplate":"https:\/\/www.agrupamentoverticalgaviao.pt\/?s={search_term_string}"},"query-input":{"@type":"PropertyValueSpecification","valueRequired":true,"valueName":"search_term_string"}}],"inLanguage":"pt-PT"}]}},"_links":{"self":[{"href":"https:\/\/www.agrupamentoverticalgaviao.pt\/index.php?rest_route=\/wp\/v2\/pages\/26","targetHints":{"allow":["GET"]}}],"collection":[{"href":"https:\/\/www.agrupamentoverticalgaviao.pt\/index.php?rest_route=\/wp\/v2\/pages"}],"about":[{"href":"https:\/\/www.agrupamentoverticalgaviao.pt\/index.php?rest_route=\/wp\/v2\/types\/page"}],"author":[{"embeddable":true,"href":"https:\/\/www.agrupamentoverticalgaviao.pt\/index.php?rest_route=\/wp\/v2\/users\/1"}],"replies":[{"embeddable":true,"href":"https:\/\/www.agrupamentoverticalgaviao.pt\/index.php?rest_route=%2Fwp%2Fv2%2Fcomments&post=26"}],"version-history":[{"count":9,"href":"https:\/\/www.agrupamentoverticalgaviao.pt\/index.php?rest_route=\/wp\/v2\/pages\/26\/revisions"}],"predecessor-version":[{"id":47680,"href":"https:\/\/www.agrupamentoverticalgaviao.pt\/index.php?rest_route=\/wp\/v2\/pages\/26\/revisions\/47680"}],"wp:attachment":[{"href":"https:\/\/www.agrupamentoverticalgaviao.pt\/index.php?rest_route=%2Fwp%2Fv2%2Fmedia&parent=26"}],"curies":[{"name":"wp","href":"https:\/\/api.w.org\/{rel}","templated":true}]}}