{"id":1768,"date":"2014-01-14T11:04:59","date_gmt":"2014-01-14T11:04:59","guid":{"rendered":"http:\/\/www.agrupamentoverticalgaviao.pt\/pt\/?page_id=1768"},"modified":"2021-09-23T12:31:57","modified_gmt":"2021-09-23T12:31:57","slug":"equipa-local-de-intervencao-precoce-eli","status":"publish","type":"page","link":"https:\/\/www.agrupamentoverticalgaviao.pt\/?page_id=1768","title":{"rendered":"Equipa Local de Interven\u00e7\u00e3o Precoce (ELI)"},"content":{"rendered":"\n<h3 class=\"wp-block-heading\"><strong>ELI Gavi\u00e3o e Nisa<\/strong><\/h3>\n\n\n\n<div class=\"wp-block-file\"><a href=\"https:\/\/www.agrupamentoverticalgaviao.pt\/wp-content\/uploads\/2021\/09\/Contactos.pdf\" target=\"_blank\" rel=\"noreferrer noopener\">Contactos<\/a><a href=\"https:\/\/www.agrupamentoverticalgaviao.pt\/wp-content\/uploads\/2021\/09\/Contactos.pdf\" class=\"wp-block-file__button\" download>Descarregar<\/a><\/div>\n\n\n\n<div class=\"wp-block-file\"><a href=\"https:\/\/www.agrupamentoverticalgaviao.pt\/wp-content\/uploads\/2019\/05\/Decreto-Lei-N.\u00ba-54_2018.pdf\" target=\"_blank\" rel=\"noreferrer noopener\">Decreto-Lei-N.\u00ba-54_2018<\/a><a href=\"https:\/\/www.agrupamentoverticalgaviao.pt\/wp-content\/uploads\/2019\/05\/Decreto-Lei-N.\u00ba-54_2018.pdf\" class=\"wp-block-file__button\" download>Descarregar<\/a><\/div>\n\n\n\n<div class=\"wp-block-file\"><a href=\"https:\/\/www.agrupamentoverticalgaviao.pt\/wp-content\/uploads\/2019\/05\/Decreto-Lei-N.\u00ba-281_2009-Cria-o-Sistema-Nacional-de-Interven\u00e7\u00e3o-Precoce-na-Inf\u00e2ncia.pdf\" target=\"_blank\" rel=\"noreferrer noopener\">Decreto-Lei-N.\u00ba-281_2009-Cria-o-Sistema-Nacional-de-Interven\u00e7\u00e3o-Precoce-na-Inf\u00e2ncia<\/a><a href=\"https:\/\/www.agrupamentoverticalgaviao.pt\/wp-content\/uploads\/2019\/05\/Decreto-Lei-N.\u00ba-281_2009-Cria-o-Sistema-Nacional-de-Interven\u00e7\u00e3o-Precoce-na-Inf\u00e2ncia.pdf\" class=\"wp-block-file__button\" download>Descarregar<\/a><\/div>\n\n\n\n<div class=\"wp-block-file\"><a href=\"https:\/\/www.agrupamentoverticalgaviao.pt\/wp-content\/uploads\/2019\/05\/Ficha-referencia\u00e7\u00e3o.pdf\" target=\"_blank\" rel=\"noreferrer noopener\">Ficha de referencia\u00e7\u00e3o<\/a><a href=\"https:\/\/www.agrupamentoverticalgaviao.pt\/wp-content\/uploads\/2019\/05\/Ficha-referencia\u00e7\u00e3o.pdf\" class=\"wp-block-file__button\" download>Descarregar<\/a><\/div>\n\n\n\n<div class=\"wp-block-file\"><a href=\"https:\/\/www.agrupamentoverticalgaviao.pt\/wp-content\/uploads\/2019\/05\/Quem-e-Como-pode-referenciar.pdf\" target=\"_blank\" rel=\"noreferrer noopener\">Quem-e-Como-pode-referenciar<\/a><a href=\"https:\/\/www.agrupamentoverticalgaviao.pt\/wp-content\/uploads\/2019\/05\/Quem-e-Como-pode-referenciar.pdf\" class=\"wp-block-file__button\" download>Descarregar<\/a><\/div>\n\n\n\n<div class=\"wp-block-file\"><a href=\"https:\/\/www.agrupamentoverticalgaviao.pt\/wp-content\/uploads\/2019\/05\/Sistema-Nacional-de-Interven\u00e7\u00e3o-Precoce-SNIPI.pdf\" target=\"_blank\" rel=\"noreferrer noopener\">Sistema-Nacional-de-Interven\u00e7\u00e3o-Precoce-SNIPI<\/a><a href=\"https:\/\/www.agrupamentoverticalgaviao.pt\/wp-content\/uploads\/2019\/05\/Sistema-Nacional-de-Interven\u00e7\u00e3o-Precoce-SNIPI.pdf\" class=\"wp-block-file__button\" download>Descarregar<\/a><\/div>\n\n\n\n<div class=\"wp-block-file\"><a href=\"https:\/\/www.agrupamentoverticalgaviao.pt\/wp-content\/uploads\/2021\/09\/ELI.pdf\" target=\"_blank\" rel=\"noreferrer noopener\">ELI<\/a><a href=\"https:\/\/www.agrupamentoverticalgaviao.pt\/wp-content\/uploads\/2021\/09\/ELI.pdf\" class=\"wp-block-file__button\" download>Descarregar<\/a><\/div>\n\n\n\n<p><\/p>\n","protected":false},"excerpt":{"rendered":"<p>ELI Gavi\u00e3o e Nisa<\/p>\n","protected":false},"author":1,"featured_media":0,"parent":0,"menu_order":0,"comment_status":"closed","ping_status":"closed","template":"","meta":{"footnotes":""},"class_list":["post-1768","page","type-page","status-publish","hentry"],"yoast_head":"<!-- This site is optimized with the Yoast SEO plugin v27.6 - https:\/\/yoast.com\/product\/yoast-seo-wordpress\/ -->\n<title>Equipa Local de Interven\u00e7\u00e3o Precoce (ELI) - Agrupamento de Escolas de Gavi\u00e3o<\/title>\n<meta name=\"robots\" content=\"index, follow, max-snippet:-1, max-image-preview:large, max-video-preview:-1\" \/>\n<link rel=\"canonical\" href=\"https:\/\/www.agrupamentoverticalgaviao.pt\/?page_id=1768\" \/>\n<meta property=\"og:locale\" content=\"pt_PT\" \/>\n<meta property=\"og:type\" content=\"article\" \/>\n<meta property=\"og:title\" content=\"Equipa Local de Interven\u00e7\u00e3o Precoce (ELI) - Agrupamento de Escolas de Gavi\u00e3o\" \/>\n<meta property=\"og:description\" content=\"ELI Gavi\u00e3o e Nisa\" \/>\n<meta property=\"og:url\" content=\"https:\/\/www.agrupamentoverticalgaviao.pt\/?page_id=1768\" \/>\n<meta property=\"og:site_name\" content=\"Agrupamento de Escolas de Gavi\u00e3o\" \/>\n<meta property=\"article:modified_time\" content=\"2021-09-23T12:31:57+00:00\" \/>\n<meta property=\"og:image\" content=\"https:\/\/www.agrupamentoverticalgaviao.pt\/wp-content\/uploads\/2025\/11\/Agrupamento-de-Escolas-de-Gaviao.jpg\" \/>\n\t<meta property=\"og:image:width\" content=\"1200\" \/>\n\t<meta property=\"og:image:height\" content=\"675\" \/>\n\t<meta property=\"og:image:type\" content=\"image\/jpeg\" \/>\n<meta name=\"twitter:card\" content=\"summary_large_image\" \/>\n<script type=\"application\/ld+json\" class=\"yoast-schema-graph\">{\"@context\":\"https:\\\/\\\/schema.org\",\"@graph\":[{\"@type\":\"WebPage\",\"@id\":\"https:\\\/\\\/www.agrupamentoverticalgaviao.pt\\\/?page_id=1768\",\"url\":\"https:\\\/\\\/www.agrupamentoverticalgaviao.pt\\\/?page_id=1768\",\"name\":\"Equipa Local de Interven\u00e7\u00e3o Precoce (ELI) - Agrupamento de Escolas de Gavi\u00e3o\",\"isPartOf\":{\"@id\":\"https:\\\/\\\/www.agrupamentoverticalgaviao.pt\\\/#website\"},\"datePublished\":\"2014-01-14T11:04:59+00:00\",\"dateModified\":\"2021-09-23T12:31:57+00:00\",\"breadcrumb\":{\"@id\":\"https:\\\/\\\/www.agrupamentoverticalgaviao.pt\\\/?page_id=1768#breadcrumb\"},\"inLanguage\":\"pt-PT\",\"potentialAction\":[{\"@type\":\"ReadAction\",\"target\":[\"https:\\\/\\\/www.agrupamentoverticalgaviao.pt\\\/?page_id=1768\"]}]},{\"@type\":\"BreadcrumbList\",\"@id\":\"https:\\\/\\\/www.agrupamentoverticalgaviao.pt\\\/?page_id=1768#breadcrumb\",\"itemListElement\":[{\"@type\":\"ListItem\",\"position\":1,\"name\":\"In\u00edcio\",\"item\":\"https:\\\/\\\/www.agrupamentoverticalgaviao.pt\\\/\"},{\"@type\":\"ListItem\",\"position\":2,\"name\":\"Equipa Local de Interven\u00e7\u00e3o Precoce (ELI)\"}]},{\"@type\":\"WebSite\",\"@id\":\"https:\\\/\\\/www.agrupamentoverticalgaviao.pt\\\/#website\",\"url\":\"https:\\\/\\\/www.agrupamentoverticalgaviao.pt\\\/\",\"name\":\"Agrupamento de Escolas de Gavi\u00e3o\",\"description\":\"\",\"alternateName\":\"Agrupamento de Escolas de Gavi\u00e3o\",\"potentialAction\":[{\"@type\":\"SearchAction\",\"target\":{\"@type\":\"EntryPoint\",\"urlTemplate\":\"https:\\\/\\\/www.agrupamentoverticalgaviao.pt\\\/?s={search_term_string}\"},\"query-input\":{\"@type\":\"PropertyValueSpecification\",\"valueRequired\":true,\"valueName\":\"search_term_string\"}}],\"inLanguage\":\"pt-PT\"}]}<\/script>\n<!-- \/ Yoast SEO plugin. -->","yoast_head_json":{"title":"Equipa Local de Interven\u00e7\u00e3o Precoce (ELI) - Agrupamento de Escolas de Gavi\u00e3o","robots":{"index":"index","follow":"follow","max-snippet":"max-snippet:-1","max-image-preview":"max-image-preview:large","max-video-preview":"max-video-preview:-1"},"canonical":"https:\/\/www.agrupamentoverticalgaviao.pt\/?page_id=1768","og_locale":"pt_PT","og_type":"article","og_title":"Equipa Local de Interven\u00e7\u00e3o Precoce (ELI) - Agrupamento de Escolas de Gavi\u00e3o","og_description":"ELI Gavi\u00e3o e Nisa","og_url":"https:\/\/www.agrupamentoverticalgaviao.pt\/?page_id=1768","og_site_name":"Agrupamento de Escolas de Gavi\u00e3o","article_modified_time":"2021-09-23T12:31:57+00:00","og_image":[{"width":1200,"height":675,"url":"https:\/\/www.agrupamentoverticalgaviao.pt\/wp-content\/uploads\/2025\/11\/Agrupamento-de-Escolas-de-Gaviao.jpg","type":"image\/jpeg"}],"twitter_card":"summary_large_image","schema":{"@context":"https:\/\/schema.org","@graph":[{"@type":"WebPage","@id":"https:\/\/www.agrupamentoverticalgaviao.pt\/?page_id=1768","url":"https:\/\/www.agrupamentoverticalgaviao.pt\/?page_id=1768","name":"Equipa Local de Interven\u00e7\u00e3o Precoce (ELI) - Agrupamento de Escolas de Gavi\u00e3o","isPartOf":{"@id":"https:\/\/www.agrupamentoverticalgaviao.pt\/#website"},"datePublished":"2014-01-14T11:04:59+00:00","dateModified":"2021-09-23T12:31:57+00:00","breadcrumb":{"@id":"https:\/\/www.agrupamentoverticalgaviao.pt\/?page_id=1768#breadcrumb"},"inLanguage":"pt-PT","potentialAction":[{"@type":"ReadAction","target":["https:\/\/www.agrupamentoverticalgaviao.pt\/?page_id=1768"]}]},{"@type":"BreadcrumbList","@id":"https:\/\/www.agrupamentoverticalgaviao.pt\/?page_id=1768#breadcrumb","itemListElement":[{"@type":"ListItem","position":1,"name":"In\u00edcio","item":"https:\/\/www.agrupamentoverticalgaviao.pt\/"},{"@type":"ListItem","position":2,"name":"Equipa Local de Interven\u00e7\u00e3o Precoce (ELI)"}]},{"@type":"WebSite","@id":"https:\/\/www.agrupamentoverticalgaviao.pt\/#website","url":"https:\/\/www.agrupamentoverticalgaviao.pt\/","name":"Agrupamento de Escolas de Gavi\u00e3o","description":"","alternateName":"Agrupamento de Escolas de Gavi\u00e3o","potentialAction":[{"@type":"SearchAction","target":{"@type":"EntryPoint","urlTemplate":"https:\/\/www.agrupamentoverticalgaviao.pt\/?s={search_term_string}"},"query-input":{"@type":"PropertyValueSpecification","valueRequired":true,"valueName":"search_term_string"}}],"inLanguage":"pt-PT"}]}},"_links":{"self":[{"href":"https:\/\/www.agrupamentoverticalgaviao.pt\/index.php?rest_route=\/wp\/v2\/pages\/1768","targetHints":{"allow":["GET"]}}],"collection":[{"href":"https:\/\/www.agrupamentoverticalgaviao.pt\/index.php?rest_route=\/wp\/v2\/pages"}],"about":[{"href":"https:\/\/www.agrupamentoverticalgaviao.pt\/index.php?rest_route=\/wp\/v2\/types\/page"}],"author":[{"embeddable":true,"href":"https:\/\/www.agrupamentoverticalgaviao.pt\/index.php?rest_route=\/wp\/v2\/users\/1"}],"replies":[{"embeddable":true,"href":"https:\/\/www.agrupamentoverticalgaviao.pt\/index.php?rest_route=%2Fwp%2Fv2%2Fcomments&post=1768"}],"version-history":[{"count":4,"href":"https:\/\/www.agrupamentoverticalgaviao.pt\/index.php?rest_route=\/wp\/v2\/pages\/1768\/revisions"}],"predecessor-version":[{"id":38962,"href":"https:\/\/www.agrupamentoverticalgaviao.pt\/index.php?rest_route=\/wp\/v2\/pages\/1768\/revisions\/38962"}],"wp:attachment":[{"href":"https:\/\/www.agrupamentoverticalgaviao.pt\/index.php?rest_route=%2Fwp%2Fv2%2Fmedia&parent=1768"}],"curies":[{"name":"wp","href":"https:\/\/api.w.org\/{rel}","templated":true}]}}